{"id":318,"date":"2024-11-04T17:46:02","date_gmt":"2024-11-04T17:46:02","guid":{"rendered":"https:\/\/sanstaging.jfsx.net\/?page_id=318"},"modified":"2024-11-12T20:52:04","modified_gmt":"2024-11-12T20:52:04","slug":"santana-avocado","status":"publish","type":"page","link":"https:\/\/sanstaging.jfsx.net\/en\/santana-avocado\/","title":{"rendered":"Santana Avocado"},"content":{"rendered":"<p><div class=\"et_d4_element et_pb_section et_pb_section_0 et_pb_section_parallax et_pb_with_background  et_pb_css_mix_blend_mode et_section_regular et_block_section\" >\n\t\t\t\t\n\t\t\t\t<span class=\"et_parallax_bg_wrap et-pb-parallax-wrapper\"><span\n\t\t\t\t\t\tclass=\"et_parallax_bg et_pb_parallax_css et_parallax_bg--et_pb_section_0\"\n\t\t\t\t\t\tstyle=\"background-image: url(https:\/\/sanstaging.jfsx.net\/wp-content\/uploads\/avocadoback2.jpg);\"\n\t\t\t\t\t><\/span><\/span>\n\t\t\t\t\n\t\t\t\t\n\t\t\t\t\n\t\t\t\t\n\t\t\t\t\n\t\t\t\t\n\t\t\t\t\n\t\t\t<\/div><div class=\"et_d4_element et_pb_section et_pb_section_1  et_pb_css_mix_blend_mode et_section_regular et_block_section\" >\n\t\t\t\t\n\t\t\t\t\n\t\t\t\t\n\t\t\t\t\n\t\t\t\t\n\t\t\t\t\n\t\t\t\t<div class=\"et_d4_element et_pb_row et_pb_row_0  et_pb_css_mix_blend_mode et_block_row\">\n\t\t\t\t<div class=\"et_d4_element et_pb_column_1_2 et_pb_column et_pb_column_0  et_pb_css_mix_blend_mode et_block_column\">\n\t\t\t\t\n\t\t\t\t\n\t\t\t\t\n\t\t\t\t\n\t\t\t\t<div class=\"et_pb_module et_d4_element et_pb_text et_pb_text_0  et_pb_text_align_left et_pb_bg_layout_light\">\n\t\t\t\t\n\t\t\t\t\n\t\t\t\t\n\t\t\t\t\n\t\t\t\t<div class=\"et_pb_text_inner\"><h1>Avocados<\/h1>\n<p>Kaffee aus der Dominikanischen Republik ist ein Geheimtipp f\u00fcr Kaffeeliebhaber. In den fruchtbaren, vulkanischen Bergregionen wie Barahona und Jarabacoa wachsen die Bohnen in H\u00f6henlagen bis zu 1.500 Meter. Diese Bedingungen verleihen dem dominikanischen Kaffee eine milde S\u00e4ure und feine Aromen.<\/p>\n<p>Besonders beliebt sind die Noten von Schokolade, N\u00fcssen und dezenter Frucht, die sich in einer sanften, harmonischen Tasse entfalten. F\u00fcr Liebhaber von Single-Origin-Kaffee bietet die Dominikanische Republik Vielfalt und Qualit\u00e4t.<\/p>\n<p>Ein gro\u00dfer Teil des Kaffees wird nachhaltig und ohne Chemikalien von kleinen, familiengef\u00fchrten Farmen angebaut, die Wert auf traditionelle Methoden legen. Diese schonende Produktion und der besondere Anbau spiegeln sich im Geschmack wider.<\/p>\n<p>Ob Filterkaffee, Espresso oder French Press \u2013 dominikanischer Kaffee bringt karibisches Flair in jede Tasse und sorgt f\u00fcr eine genussvolle Auszeit.<\/p><\/div>\n\t\t\t<\/div>\n\t\t\t<\/div><div class=\"et_d4_element et_pb_column_1_2 et_pb_column et_pb_column_1  et_pb_css_mix_blend_mode et-last-child et_block_column\">\n\t\t\t\t\n\t\t\t\t\n\t\t\t\t\n\t\t\t\t\n\t\t\t\t<div class=\"et_pb_module et_d4_element et_pb_image et_pb_image_0\">\n\t\t\t\t\n\t\t\t\t\n\t\t\t\t\n\t\t\t\t\n\t\t\t\t<span class=\"et_pb_image_wrap\"><img loading=\"lazy\" decoding=\"async\" width=\"550\" height=\"700\" src=\"https:\/\/sanstaging.jfsx.net\/wp-content\/uploads\/2024\/10\/rohkaffee-hand.jpg\" alt=\"\" title=\"rohkaffee-hand\" srcset=\"https:\/\/sanstaging.jfsx.net\/wp-content\/uploads\/2024\/10\/rohkaffee-hand.jpg 550w, https:\/\/sanstaging.jfsx.net\/wp-content\/uploads\/2024\/10\/rohkaffee-hand-480x611.jpg 480w\" sizes=\"(min-width: 0px) and (max-width: 480px) 480px, (min-width: 481px) 550px, 100vw\" class=\"wp-image-263\" \/><\/span>\n\t\t\t<\/div>\n\t\t\t<\/div>\n\t\t\t\t\n\t\t\t\t\n\t\t\t\t\n\t\t\t\t\n\t\t\t<\/div>\n\t\t\t\t\n\t\t\t\t\n\t\t\t<\/div><\/p>","protected":false},"excerpt":{"rendered":"","protected":false},"author":1,"featured_media":0,"parent":0,"menu_order":0,"comment_status":"closed","ping_status":"closed","template":"","meta":{"_et_pb_use_builder":"on","_et_pb_old_content":"","_et_gb_content_width":"","footnotes":""},"class_list":["post-318","page","type-page","status-publish","hentry"],"_links":{"self":[{"href":"https:\/\/sanstaging.jfsx.net\/en\/wp-json\/wp\/v2\/pages\/318","targetHints":{"allow":["GET"]}}],"collection":[{"href":"https:\/\/sanstaging.jfsx.net\/en\/wp-json\/wp\/v2\/pages"}],"about":[{"href":"https:\/\/sanstaging.jfsx.net\/en\/wp-json\/wp\/v2\/types\/page"}],"author":[{"embeddable":true,"href":"https:\/\/sanstaging.jfsx.net\/en\/wp-json\/wp\/v2\/users\/1"}],"replies":[{"embeddable":true,"href":"https:\/\/sanstaging.jfsx.net\/en\/wp-json\/wp\/v2\/comments?post=318"}],"version-history":[{"count":8,"href":"https:\/\/sanstaging.jfsx.net\/en\/wp-json\/wp\/v2\/pages\/318\/revisions"}],"predecessor-version":[{"id":493,"href":"https:\/\/sanstaging.jfsx.net\/en\/wp-json\/wp\/v2\/pages\/318\/revisions\/493"}],"wp:attachment":[{"href":"https:\/\/sanstaging.jfsx.net\/en\/wp-json\/wp\/v2\/media?parent=318"}],"curies":[{"name":"wp","href":"https:\/\/api.w.org\/{rel}","templated":true}]}}