{"id":314,"date":"2024-11-04T17:45:04","date_gmt":"2024-11-04T17:45:04","guid":{"rendered":"https:\/\/sanstaging.jfsx.net\/?page_id=314"},"modified":"2024-11-09T13:01:26","modified_gmt":"2024-11-09T13:01:26","slug":"314-2","status":"publish","type":"page","link":"https:\/\/sanstaging.jfsx.net\/en\/314-2\/","title":{"rendered":"Santana Kakao"},"content":{"rendered":"<p><div class=\"et_d4_element et_pb_section et_pb_section_0 et_pb_section_parallax et_pb_with_background  et_pb_css_mix_blend_mode et_section_regular et_block_section\" >\n\t\t\t\t\n\t\t\t\t<span class=\"et_parallax_bg_wrap et-pb-parallax-wrapper\"><span\n\t\t\t\t\t\tclass=\"et_parallax_bg et_pb_parallax_css et_parallax_bg--et_pb_section_0\"\n\t\t\t\t\t\tstyle=\"background-image: url(https:\/\/sanstaging.jfsx.net\/wp-content\/uploads\/kaffeesack.jpg);\"\n\t\t\t\t\t><\/span><\/span>\n\t\t\t\t\n\t\t\t\t\n\t\t\t\t\n\t\t\t\t\n\t\t\t\t\n\t\t\t\t\n\t\t\t\t\n\t\t\t<\/div><div class=\"et_d4_element et_pb_section et_pb_section_1  et_pb_css_mix_blend_mode et_section_regular et_block_section\" >\n\t\t\t\t\n\t\t\t\t\n\t\t\t\t\n\t\t\t\t\n\t\t\t\t\n\t\t\t\t\n\t\t\t\t<div class=\"et_d4_element et_pb_row et_pb_row_0  et_pb_css_mix_blend_mode et_block_row\">\n\t\t\t\t<div class=\"et_d4_element et_pb_column_1_2 et_pb_column et_pb_column_0  et_pb_css_mix_blend_mode et_block_column\">\n\t\t\t\t\n\t\t\t\t\n\t\t\t\t\n\t\t\t\t\n\t\t\t\t<div class=\"et_pb_module et_d4_element et_pb_text et_pb_text_0  et_pb_text_align_left et_pb_bg_layout_light\">\n\t\t\t\t\n\t\t\t\t\n\t\t\t\t\n\t\t\t\t\n\t\t\t\t<div class=\"et_pb_text_inner\"><h1>Dominikanischer Kakao \u2013 Karibische Vielfalt f\u00fcr Schokoladenliebhaber<\/h1>\n<p>Die Dominikanische Republik ist nicht nur f\u00fcr Kaffee bekannt, sondern auch f\u00fcr hochwertigen Kakao. In den tropischen Regionen des Landes, besonders in Gebieten wie Duarte und San Crist\u00f3bal, w\u00e4chst Kakao unter idealen Bedingungen: reichhaltige B\u00f6den, tropisches Klima und das Know-how kleiner Familienbetriebe pr\u00e4gen den dominikanischen Kakao.<\/p>\n<p>Dominikanischer Kakao \u00fcberzeugt durch seine intensiven Aromen und hohe Qualit\u00e4t. Typische Geschmacksnuancen umfassen Noten von dunkler Schokolade, N\u00fcssen und einem Hauch von Fr\u00fcchten, was ihn ideal f\u00fcr die Herstellung edler Schokoladen und Pralinen macht. Die Bohnen gelten als besonders aromatisch und sind bei Schokoladenherstellern weltweit gefragt.<\/p>\n<p>Ein Gro\u00dfteil des Kakaos wird nachhaltig und nach biologischen Standards angebaut, oft ohne den Einsatz von Pestiziden. Die meisten dominikanischen Kakaobauern setzen auf traditionelle Methoden und legen gro\u00dfen Wert auf umweltfreundliche und faire Produktion.<\/p>\n<p>Kakao aus der Dominikanischen Republik bringt die Aromen der Karibik direkt in die Tasse oder auf den Gaumen und bietet einen echten Genuss f\u00fcr alle Schokoladenliebhaber.<\/p><\/div>\n\t\t\t<\/div>\n\t\t\t<\/div><div class=\"et_d4_element et_pb_column_1_2 et_pb_column et_pb_column_1  et_pb_css_mix_blend_mode et-last-child et_block_column\">\n\t\t\t\t\n\t\t\t\t\n\t\t\t\t\n\t\t\t\t\n\t\t\t\t<div class=\"et_pb_module et_d4_element et_pb_image et_pb_image_0\">\n\t\t\t\t\n\t\t\t\t\n\t\t\t\t\n\t\t\t\t\n\t\t\t\t<span class=\"et_pb_image_wrap\"><img loading=\"lazy\" decoding=\"async\" width=\"550\" height=\"700\" src=\"https:\/\/sanstaging.jfsx.net\/wp-content\/uploads\/2024\/10\/santana-mann.jpg\" alt=\"\" title=\"santana-mann\" srcset=\"https:\/\/sanstaging.jfsx.net\/wp-content\/uploads\/2024\/10\/santana-mann.jpg 550w, https:\/\/sanstaging.jfsx.net\/wp-content\/uploads\/2024\/10\/santana-mann-480x611.jpg 480w\" sizes=\"(min-width: 0px) and (max-width: 480px) 480px, (min-width: 481px) 550px, 100vw\" class=\"wp-image-264\" \/><\/span>\n\t\t\t<\/div>\n\t\t\t<\/div>\n\t\t\t\t\n\t\t\t\t\n\t\t\t\t\n\t\t\t\t\n\t\t\t<\/div>\n\t\t\t\t\n\t\t\t\t\n\t\t\t<\/div><\/p>","protected":false},"excerpt":{"rendered":"<p>Kakao<\/p>","protected":false},"author":1,"featured_media":0,"parent":0,"menu_order":0,"comment_status":"closed","ping_status":"closed","template":"","meta":{"_et_pb_use_builder":"on","_et_pb_old_content":"","_et_gb_content_width":"","footnotes":""},"class_list":["post-314","page","type-page","status-publish","hentry"],"_links":{"self":[{"href":"https:\/\/sanstaging.jfsx.net\/en\/wp-json\/wp\/v2\/pages\/314","targetHints":{"allow":["GET"]}}],"collection":[{"href":"https:\/\/sanstaging.jfsx.net\/en\/wp-json\/wp\/v2\/pages"}],"about":[{"href":"https:\/\/sanstaging.jfsx.net\/en\/wp-json\/wp\/v2\/types\/page"}],"author":[{"embeddable":true,"href":"https:\/\/sanstaging.jfsx.net\/en\/wp-json\/wp\/v2\/users\/1"}],"replies":[{"embeddable":true,"href":"https:\/\/sanstaging.jfsx.net\/en\/wp-json\/wp\/v2\/comments?post=314"}],"version-history":[{"count":5,"href":"https:\/\/sanstaging.jfsx.net\/en\/wp-json\/wp\/v2\/pages\/314\/revisions"}],"predecessor-version":[{"id":450,"href":"https:\/\/sanstaging.jfsx.net\/en\/wp-json\/wp\/v2\/pages\/314\/revisions\/450"}],"wp:attachment":[{"href":"https:\/\/sanstaging.jfsx.net\/en\/wp-json\/wp\/v2\/media?parent=314"}],"curies":[{"name":"wp","href":"https:\/\/api.w.org\/{rel}","templated":true}]}}