{"id":28,"date":"2024-10-26T20:40:33","date_gmt":"2024-10-26T20:40:33","guid":{"rendered":"https:\/\/santana.jfsx.net\/?page_id=28"},"modified":"2024-11-06T18:01:23","modified_gmt":"2024-11-06T18:01:23","slug":"28-2","status":"publish","type":"page","link":"https:\/\/sanstaging.jfsx.net\/en\/","title":{"rendered":"Santana Fruits &amp; More"},"content":{"rendered":"<p><div class=\"et_d4_element et_pb_section et_pb_section_0 et_pb_section_parallax et_pb_with_background  et_pb_css_mix_blend_mode et_section_regular et_block_section\" >\n\t\t\t\t\n\t\t\t\t<span class=\"et_parallax_bg_wrap et-pb-parallax-wrapper\"><span\n\t\t\t\t\t\tclass=\"et_parallax_bg et_pb_parallax_css et_parallax_bg--et_pb_section_0\"\n\t\t\t\t\t\tstyle=\"background-image: url(https:\/\/sanstaging.jfsx.net\/wp-content\/uploads\/2024\/10\/dschungelback.png);\"\n\t\t\t\t\t><\/span><\/span>\n\t\t\t\t\n\t\t\t\t\n\t\t\t\t\n\t\t\t\t\n\t\t\t\t\n\t\t\t\t\n\t\t\t\t\n\t\t\t<\/div><div class=\"et_d4_element et_pb_section et_pb_section_1  et_pb_css_mix_blend_mode et_section_regular et_block_section\" >\n\t\t\t\t\n\t\t\t\t\n\t\t\t\t\n\t\t\t\t\n\t\t\t\t\n\t\t\t\t\n\t\t\t\t<div class=\"et_d4_element et_pb_row et_pb_row_0  et_pb_css_mix_blend_mode et_block_row\">\n\t\t\t\t<div class=\"et_d4_element et_pb_column_1_2 et_pb_column et_pb_column_0  et_pb_css_mix_blend_mode et_block_column\">\n\t\t\t\t\n\t\t\t\t\n\t\t\t\t\n\t\t\t\t\n\t\t\t\t<div class=\"et_pb_module et_d4_element et_pb_image et_pb_image_0\">\n\t\t\t\t\n\t\t\t\t\n\t\t\t\t\n\t\t\t\t\n\t\t\t\t<span class=\"et_pb_image_wrap \"><img loading=\"lazy\" decoding=\"async\" width=\"590\" height=\"483\" src=\"https:\/\/sanstaging.jfsx.net\/wp-content\/uploads\/2024\/10\/santana-profil.webp\" alt=\"\" title=\"santana-profil\" srcset=\"https:\/\/sanstaging.jfsx.net\/wp-content\/uploads\/2024\/10\/santana-profil.webp 590w, https:\/\/sanstaging.jfsx.net\/wp-content\/uploads\/2024\/10\/santana-profil-480x393.webp 480w\" sizes=\"(min-width: 0px) and (max-width: 480px) 480px, (min-width: 481px) 590px, 100vw\" class=\"wp-image-227\" \/><\/span>\n\t\t\t<\/div>\n\t\t\t<\/div><div class=\"et_d4_element et_pb_column_1_2 et_pb_column et_pb_column_1  et_pb_css_mix_blend_mode et-last-child et_block_column\">\n\t\t\t\t\n\t\t\t\t\n\t\t\t\t\n\t\t\t\t\n\t\t\t\t<div class=\"et_pb_module et_d4_element et_pb_text et_pb_text_0  et_pb_text_align_left et_pb_bg_layout_light\">\n\t\t\t\t\n\t\t\t\t\n\t\t\t\t\n\t\t\t\t\n\t\t\t\t<div class=\"et_pb_text_inner\"><h2>Willkommen bei Santana Fruits &amp; More - Ihr Zuhause f\u00fcr exquisiten Rohkakao, Kaffee und Avocados<\/h2>\n<p>Die Familie Santana ist seit Jahrhunderten tief in der Landwirtschaft verwurzelt und hat sich auf den Anbau und Export von Kakao, Kaffee und Avocados spezialisiert. Familie Santana hat eine Firma gegr\u00fcndet, die sich auf den Export dieser Produkte konzentriert. Unsere Kunden erhalten monatlich bis zu zwei Container mit 25 Tonnen Rohkakao, dessen Analysewerte stets hervorragend sind. Dar\u00fcber hinaus bieten wir hochwertigen Kaffee und Avocados an. Dem \u00fcblichen Kakaomangel auf der Insel von Juni bis Oktober begegnen wir durch Jahresvertr\u00e4ge, die auch preislich Vorteile bieten.<\/p><\/div>\n\t\t\t<\/div>\n\t\t\t<\/div>\n\t\t\t\t\n\t\t\t\t\n\t\t\t\t\n\t\t\t\t\n\t\t\t<\/div>\n\t\t\t\t\n\t\t\t\t\n\t\t\t<\/div><div class=\"et_d4_element et_pb_section et_pb_section_2  et_pb_css_mix_blend_mode et_section_regular et_block_section\" >\n\t\t\t\t\n\t\t\t\t\n\t\t\t\t\n\t\t\t\t\n\t\t\t\t\n\t\t\t\t\n\t\t\t\t<div class=\"et_d4_element et_pb_row et_pb_row_1  et_pb_css_mix_blend_mode et_block_row\">\n\t\t\t\t<div class=\"et_d4_element et_pb_column_4_4 et_pb_column et_pb_column_2  et_pb_css_mix_blend_mode et-last-child et_block_column\">\n\t\t\t\t\n\t\t\t\t\n\t\t\t\t\n\t\t\t\t\n\t\t\t\t<div class=\"et_pb_module et_d4_element et_pb_text et_pb_text_1  et_pb_text_align_left et_pb_bg_layout_light\">\n\t\t\t\t\n\t\t\t\t\n\t\t\t\t\n\t\t\t\t\n\t\t\t\t<div class=\"et_pb_text_inner\"><h2 class=\"\">Santana Fruits -<br \/>Premium Rohstoffe direkt von der Plantage<\/h2>\n<p>Als Teil der Santana-Familie, die seit Generationen nicht nur im Kakaoanbau, sondern auch im Anbau von Rohkaffee und verschiedenen Exotische Fr\u00fcchten t\u00e4tig ist, sind wir stolz darauf, unsere eigene Plantage in der Dominikanischen Republik zu betreiben. Besonders hervorzuheben ist unser Anbau der exquisiten Trinitario-Kakaobohne, eine der edelsten Rohkakaosorten f\u00fcr die Schokoladenherstellung, sowie unsere sorgf\u00e4ltig kultivierten Avocados und weiteren tropischen Fr\u00fcchte. Dies erm\u00f6glicht es uns, Ihnen Produkte von au\u00dfergew\u00f6hnlicher Qualit\u00e4t und Frische direkt vom Baum zu bieten.<\/p>\n<p>Bei Santana Fruits &amp; More sehen wir uns nicht nur als Produzenten erstklassiger Rohprodukte, sondern verstehen uns auch als aktive Mitglieder der Gemeinschaften, die uns umgeben. Unsere Unternehmensphilosophie ist stark von dem Gedanken der Nachhaltigkeit und sozialen Verantwortung gepr\u00e4gt. Der Verkauf unserer Produkte erm\u00f6glicht es uns, in Infrastrukturprojekte wie den Stra\u00dfenbau und die Unterst\u00fctzung von Schulen zu investieren, die das Leben der Menschen vor Ort nachhaltig verbessern.<\/p>\n<p>Unser Ziel ist es, Transparenz und Nachhaltigkeit in jeder Phase der Lieferkette zu f\u00f6rdern, um sicherzustellen, dass alle Beteiligten - vom Landwirt bis zum Verbraucher - davon profitieren.<\/p><\/div>\n\t\t\t<\/div>\n\t\t\t<\/div>\n\t\t\t\t\n\t\t\t\t\n\t\t\t\t\n\t\t\t\t\n\t\t\t<\/div>\n\t\t\t\t\n\t\t\t\t\n\t\t\t<\/div><div class=\"et_d4_element et_pb_section et_pb_section_3 et_pb_with_background  et_pb_css_mix_blend_mode et_section_regular et_block_section\" >\n\t\t\t\t\n\t\t\t\t\n\t\t\t\t\n\t\t\t\t\n\t\t\t\t\n\t\t\t\t\n\t\t\t\t<div class=\"et_d4_element et_pb_row et_pb_row_2  et_pb_css_mix_blend_mode et_block_row\">\n\t\t\t\t<div class=\"et_d4_element et_pb_column_1_3 et_pb_column et_pb_column_3  et_pb_css_mix_blend_mode et_block_column\">\n\t\t\t\t\n\t\t\t\t\n\t\t\t\t\n\t\t\t\t\n\t\t\t\t[dsm_perspective_image src=\"https:\/\/sanstaging.jfsx.net\/wp-content\/uploads\/2024\/10\/rohkakao.jpg\" alt=\"Rohkakao\" title_text=\"rohkakao\" align=\"center\" _builder_version=\"4.27.2\" _module_preset=\"default\" width=\"300px\" module_alignment=\"center\" height=\"300px\" custom_margin=\"|||81px|false|false\" custom_css_after=\"content:%22Rohkakao%22;||position:absolute;||top:120%;||left:50%;||color:#000;||font-size:25px;||transform:translate(-50%, -50%);||background:#ffd900;||padding:50px 80px;\" global_colors_info=\"{}\"][\/dsm_perspective_image]\n\t\t\t<\/div><div class=\"et_d4_element et_pb_column_1_3 et_pb_column et_pb_column_4  et_pb_css_mix_blend_mode et_block_column\">\n\t\t\t\t\n\t\t\t\t\n\t\t\t\t\n\t\t\t\t\n\t\t\t\t[dsm_perspective_image src=\"https:\/\/sanstaging.jfsx.net\/wp-content\/uploads\/2024\/10\/rohkaffee.jpg\" alt=\"Rohkakao\" title_text=\"rohkaffee\" align=\"center\" _builder_version=\"4.27.2\" _module_preset=\"default\" width=\"300px\" module_alignment=\"center\" height=\"300px\" custom_margin=\"|||81px|false|false\" custom_css_after=\"content:%22Rohkaffee%22;||position:absolute;||top:120%;||left:50%;||color:#000;||font-size:25px;||transform:translate(-50%, -50%);||background:#ffd900;||padding:50px 80px;\" global_colors_info=\"{}\"][\/dsm_perspective_image]\n\t\t\t<\/div><div class=\"et_d4_element et_pb_column_1_3 et_pb_column et_pb_column_5  et_pb_css_mix_blend_mode et-last-child et_block_column\">\n\t\t\t\t\n\t\t\t\t\n\t\t\t\t\n\t\t\t\t\n\t\t\t\t[dsm_perspective_image src=\"https:\/\/sanstaging.jfsx.net\/wp-content\/uploads\/2024\/10\/avocados.jpg\" alt=\"Rohkakao\" title_text=\"avocados\" align=\"center\" _builder_version=\"4.27.2\" _module_preset=\"default\" width=\"300px\" module_alignment=\"center\" height=\"300px\" custom_margin=\"|||81px|false|false\" custom_css_after=\"content:%22Avocados%22;||position:absolute;||top:120%;||left:50%;||color:#000;||font-size:25px;||transform:translate(-50%, -50%);||background:#ffd900;||padding:50px 80px;\" global_colors_info=\"{}\"][\/dsm_perspective_image]\n\t\t\t<\/div>\n\t\t\t\t\n\t\t\t\t\n\t\t\t\t\n\t\t\t\t\n\t\t\t<\/div>\n\t\t\t\t\n\t\t\t\t\n\t\t\t<\/div><div class=\"et_d4_element et_pb_section et_pb_section_4  et_pb_css_mix_blend_mode et_section_regular et_block_section\" >\n\t\t\t\t\n\t\t\t\t\n\t\t\t\t\n\t\t\t\t\n\t\t\t\t\n\t\t\t\t\n\t\t\t\t<div class=\"et_d4_element et_pb_row et_pb_row_3  et_pb_css_mix_blend_mode et_block_row\">\n\t\t\t\t<div class=\"et_d4_element et_pb_column_4_4 et_pb_column et_pb_column_6  et_pb_css_mix_blend_mode et-last-child et_block_column\">\n\t\t\t\t\n\t\t\t\t\n\t\t\t\t\n\t\t\t\t\n\t\t\t\t<div class=\"et_pb_module et_d4_element et_pb_text et_pb_text_2  et_pb_text_align_left et_pb_bg_layout_light\">\n\t\t\t\t\n\t\t\t\t\n\t\t\t\t\n\t\t\t\t\n\t\t\t\t<div class=\"et_pb_text_inner\"><h2 class=\"font_2 wixui-rich-text__text\" style=\"text-align: center;\"><span class=\"wixui-rich-text__text\">Was uns Auszeichnet<\/span><\/h2><\/div>\n\t\t\t<\/div>\n\t\t\t<\/div>\n\t\t\t\t\n\t\t\t\t\n\t\t\t\t\n\t\t\t\t\n\t\t\t<\/div><div class=\"et_d4_element et_pb_row et_pb_row_4  et_pb_css_mix_blend_mode et_block_row\">\n\t\t\t\t<div class=\"et_d4_element et_pb_column_1_2 et_pb_column et_pb_column_7  et_pb_css_mix_blend_mode et_block_column\">\n\t\t\t\t\n\t\t\t\t\n\t\t\t\t\n\t\t\t\t\n\t\t\t\t<div class=\"et_pb_module et_d4_element et_pb_text et_pb_text_3  et_pb_text_align_left et_pb_bg_layout_light\">\n\t\t\t\t\n\t\t\t\t\n\t\t\t\t\n\t\t\t\t\n\t\t\t\t<div class=\"et_pb_text_inner\"><h3>Qualit\u00e4t und Nachhaltigkeit<\/span><\/h3><\/div>\n\t\t\t<\/div><div class=\"et_pb_module et_d4_element et_pb_text et_pb_text_4  et_pb_text_align_left et_pb_bg_layout_light\">\n\t\t\t\t\n\t\t\t\t\n\t\t\t\t\n\t\t\t\t\n\t\t\t\t<div class=\"et_pb_text_inner\"><p style=\"text-align: center;\">Wir sind stolz auf die enge Zusammenarbeit mit dem Landwirtschaftsministerium der Dominikanischen Republik. Durch die Unterst\u00fctzung der Regierung implementieren wir modernste Infrastrukturen und Anbaumethoden, wodurch wir nachhaltig h\u00f6chste Qualit\u00e4t gew\u00e4hrleisten k\u00f6nnen. Diese Partnerschaft erm\u00f6glicht es uns, innovative Aufzucht- und Bew\u00e4sserungstechniken einzusetzen, die sowohl unsere Ernteertr\u00e4ge optimieren als auch die Umwelt schonen. Santana Fruits &amp; More - wo Spitzenqualit\u00e4t und Nachhaltigkeit Hand in Hand gehen.<\/p><\/div>\n\t\t\t<\/div>\n\t\t\t<\/div><div class=\"et_d4_element et_pb_column_1_2 et_pb_column et_pb_column_8  et_pb_css_mix_blend_mode et-last-child et_block_column\">\n\t\t\t\t\n\t\t\t\t\n\t\t\t\t\n\t\t\t\t\n\t\t\t\t<div class=\"et_pb_module et_d4_element et_pb_text et_pb_text_5  et_pb_text_align_left et_pb_bg_layout_light\">\n\t\t\t\t\n\t\t\t\t\n\t\t\t\t\n\t\t\t\t\n\t\t\t\t<div class=\"et_pb_text_inner\"><h3 style=\"text-align: center;\">Direct Trade<\/h3><\/div>\n\t\t\t<\/div><div class=\"et_pb_module et_d4_element et_pb_text et_pb_text_6  et_pb_text_align_left et_pb_bg_layout_light\">\n\t\t\t\t\n\t\t\t\t\n\t\t\t\t\n\t\t\t\t\n\t\t\t\t<div class=\"et_pb_text_inner\"><p style=\"text-align: center;\">Bei Santana Fruits &amp; More sind unsere familiengef\u00fchrten Plantagen von der Vision gepr\u00e4gt, einen positiven Wandel zu bewirken. Durch den Direktverkauf an unsere Kunden sichern wir nicht nur faire Preise, sondern unterst\u00fctzen auch die lokale Gemeinschaft in der Dominikanischen Republik.<\/p><\/div>\n\t\t\t<\/div>\n\t\t\t<\/div>\n\t\t\t\t\n\t\t\t\t\n\t\t\t\t\n\t\t\t\t\n\t\t\t<\/div>\n\t\t\t\t\n\t\t\t\t\n\t\t\t<\/div><div class=\"et_d4_element et_pb_section et_pb_section_5 et_pb_section_parallax et_pb_with_background  et_pb_css_mix_blend_mode et_section_regular et_block_section\" >\n\t\t\t\t\n\t\t\t\t<span class=\"et_parallax_bg_wrap et-pb-parallax-wrapper\"><span\n\t\t\t\t\t\tclass=\"et_parallax_bg et_pb_parallax_css et_parallax_bg--et_pb_section_5\"\n\t\t\t\t\t\tstyle=\"background-image: url(https:\/\/sanstaging.jfsx.net\/wp-content\/uploads\/2024\/10\/berge-backgr.webp);\"\n\t\t\t\t\t><\/span><\/span>\n\t\t\t\t\n\t\t\t\t\n\t\t\t\t\n\t\t\t\t\n\t\t\t\t\n\t\t\t\t\n\t\t\t\t\n\t\t\t<\/div><div class=\"et_d4_element et_pb_section et_pb_section_6  et_pb_css_mix_blend_mode et_section_regular et_block_section\" >\n\t\t\t\t\n\t\t\t\t\n\t\t\t\t\n\t\t\t\t\n\t\t\t\t\n\t\t\t\t\n\t\t\t\t<div class=\"et_d4_element et_pb_row et_pb_row_5 et_pb_equal_columns et_pb_gutters2  et_pb_css_mix_blend_mode et_block_row\">\n\t\t\t\t<div class=\"et_d4_element et_pb_column_1_2 et_pb_column et_pb_column_9  et_pb_css_mix_blend_mode et_block_column\">\n\t\t\t\t\n\t\t\t\t\n\t\t\t\t\n\t\t\t\t\n\t\t\t\t<div class=\"et_pb_module et_d4_element et_pb_text et_pb_text_7  et_pb_text_align_left et_pb_bg_layout_light\">\n\t\t\t\t\n\t\t\t\t\n\t\t\t\t\n\t\t\t\t\n\t\t\t\t<div class=\"et_pb_text_inner\"><h2>Unsere Mission<br \/>&amp; Vision<br \/>_<\/h2><\/div>\n\t\t\t<\/div>\n\t\t\t<\/div><div class=\"et_d4_element et_pb_column_1_2 et_pb_column et_pb_column_10  et_pb_css_mix_blend_mode et-last-child et_block_column\">\n\t\t\t\t\n\t\t\t\t\n\t\t\t\t\n\t\t\t\t\n\t\t\t\t<div class=\"et_pb_module et_d4_element et_pb_text et_pb_text_8  et_pb_text_align_left et_pb_bg_layout_light\">\n\t\t\t\t\n\t\t\t\t\n\t\t\t\t\n\t\t\t\t\n\t\t\t\t<div class=\"et_pb_text_inner\"><p>\"Santana Fruits &amp; More - Vom Anbau bis zur Lieferung, Ihr Partner f\u00fcr Premium-Rohstoffe.\" Das ist unser Leitprinzip bei Santana Fruits &amp; More. Als einzigartiges Unternehmen vereinen wir alle Produktionsschritte unter einem Dach: Von der sorgf\u00e4ltigen Z\u00fcchtung und Ernte der Kaffee- und Kakaobohnen bis hin zum fertigen Endprodukt. Dar\u00fcber hinaus sind wir stolz darauf, Ihnen auch unsere sorgf\u00e4ltig ausgew\u00e4hlten und frisch geernteten Avocados anzubieten.<\/p>\n<p>Diese ganzheitliche Herangehensweise erm\u00f6glicht es uns, eine au\u00dfergew\u00f6hnliche Qualit\u00e4t von Roh- und R\u00f6stkaffee, edelsten Kakaobohnen und k\u00f6stlichen Avocados zu garantieren. Wir sind stolz darauf, Ihnen Produkte anzubieten, die mit Leidenschaft und Hingabe hergestellt werden, und laden Sie ein, den Unterschied zu schmecken.<\/p><\/div>\n\t\t\t<\/div>\n\t\t\t<\/div>\n\t\t\t\t\n\t\t\t\t\n\t\t\t\t\n\t\t\t\t\n\t\t\t<\/div>\n\t\t\t\t\n\t\t\t\t\n\t\t\t<\/div><div class=\"et_d4_element et_pb_section et_pb_section_7 et_pb_with_background  et_pb_css_mix_blend_mode et_section_regular et_block_section\" >\n\t\t\t\t\n\t\t\t\t\n\t\t\t\t\n\t\t\t\t\n\t\t\t\t\n\t\t\t\t\n\t\t\t\t<div class=\"et_d4_element et_pb_row et_pb_row_6  et_pb_css_mix_blend_mode et_block_row\">\n\t\t\t\t<div class=\"et_d4_element et_pb_column_4_4 et_pb_column et_pb_column_11  et_pb_css_mix_blend_mode et-last-child et_block_column\">\n\t\t\t\t\n\t\t\t\t\n\t\t\t\t\n\t\t\t\t\n\t\t\t\t<div class=\"et_pb_module et_d4_element et_pb_gallery et_pb_gallery_0  et_pb_bg_layout_light et_pb_gallery_grid\">\n\t\t\t\t<div class=\"et_pb_gallery_items et_pb_grid_items et_post_gallery clearfix\" data-per_page=\"4\"><div class=\"et_pb_gallery_item et_pb_grid_item et_pb_bg_layout_light et_pb_css_mix_blend_mode et_pb_gallery_item_0_0\"><div class=\"et_pb_gallery_image portrait\">\n\t\t\t\t\t<a href=\"https:\/\/sanstaging.jfsx.net\/wp-content\/uploads\/2024\/10\/pfluecken.jpg\" title=\"pfluecken\">\n\t\t\t\t\t<img loading=\"lazy\" decoding=\"async\" width=\"400\" height=\"516\" src=\"https:\/\/sanstaging.jfsx.net\/wp-content\/uploads\/2024\/10\/pfluecken-400x516.jpg\" srcset=\"https:\/\/sanstaging.jfsx.net\/wp-content\/uploads\/2024\/10\/pfluecken.jpg 479w, https:\/\/sanstaging.jfsx.net\/wp-content\/uploads\/2024\/10\/pfluecken-400x516.jpg 480w\" sizes=\"(max-width:479px) 479px, 100vw\" class=\"wp-image-265\" \/>\n\t\t\t\t\t<span class=\"et_overlay\"><\/span>\n\t\t\t\t<\/a>\n\t\t\t\t<\/div><\/div><div class=\"et_pb_gallery_item et_pb_grid_item et_pb_bg_layout_light et_pb_css_mix_blend_mode et_pb_gallery_item_0_1\"><div class=\"et_pb_gallery_image portrait\">\n\t\t\t\t\t<a href=\"https:\/\/sanstaging.jfsx.net\/wp-content\/uploads\/2024\/10\/rohkaffee-hand.jpg\" title=\"rohkaffee-hand\">\n\t\t\t\t\t<img loading=\"lazy\" decoding=\"async\" width=\"400\" height=\"516\" src=\"https:\/\/sanstaging.jfsx.net\/wp-content\/uploads\/2024\/10\/rohkaffee-hand-400x516.jpg\" srcset=\"https:\/\/sanstaging.jfsx.net\/wp-content\/uploads\/2024\/10\/rohkaffee-hand.jpg 479w, https:\/\/sanstaging.jfsx.net\/wp-content\/uploads\/2024\/10\/rohkaffee-hand-400x516.jpg 480w\" sizes=\"(max-width:479px) 479px, 100vw\" class=\"wp-image-263\" \/>\n\t\t\t\t\t<span class=\"et_overlay\"><\/span>\n\t\t\t\t<\/a>\n\t\t\t\t<\/div><\/div><div class=\"et_pb_gallery_item et_pb_grid_item et_pb_bg_layout_light et_pb_css_mix_blend_mode et_pb_gallery_item_0_2\"><div class=\"et_pb_gallery_image portrait\">\n\t\t\t\t\t<a href=\"https:\/\/sanstaging.jfsx.net\/wp-content\/uploads\/2024\/10\/santana-mann.jpg\" title=\"santana-mann\">\n\t\t\t\t\t<img loading=\"lazy\" decoding=\"async\" width=\"400\" height=\"516\" src=\"https:\/\/sanstaging.jfsx.net\/wp-content\/uploads\/2024\/10\/santana-mann-400x516.jpg\" srcset=\"https:\/\/sanstaging.jfsx.net\/wp-content\/uploads\/2024\/10\/santana-mann.jpg 479w, https:\/\/sanstaging.jfsx.net\/wp-content\/uploads\/2024\/10\/santana-mann-400x516.jpg 480w\" sizes=\"(max-width:479px) 479px, 100vw\" class=\"wp-image-264\" \/>\n\t\t\t\t\t<span class=\"et_overlay\"><\/span>\n\t\t\t\t<\/a>\n\t\t\t\t<\/div><\/div><div class=\"et_pb_gallery_item et_pb_grid_item et_pb_bg_layout_light et_pb_css_mix_blend_mode et_pb_gallery_item_0_3\"><div class=\"et_pb_gallery_image portrait\">\n\t\t\t\t\t<a href=\"https:\/\/sanstaging.jfsx.net\/wp-content\/uploads\/2024\/10\/photograph_of_an_avocado.jpg\" title=\"photograph_of_an_avocado\">\n\t\t\t\t\t<img loading=\"lazy\" decoding=\"async\" width=\"400\" height=\"516\" src=\"https:\/\/sanstaging.jfsx.net\/wp-content\/uploads\/2024\/10\/photograph_of_an_avocado-400x516.jpg\" srcset=\"https:\/\/sanstaging.jfsx.net\/wp-content\/uploads\/2024\/10\/photograph_of_an_avocado.jpg 479w, https:\/\/sanstaging.jfsx.net\/wp-content\/uploads\/2024\/10\/photograph_of_an_avocado-400x516.jpg 480w\" sizes=\"(max-width:479px) 479px, 100vw\" class=\"wp-image-280\" \/>\n\t\t\t\t\t<span class=\"et_overlay\"><\/span>\n\t\t\t\t<\/a>\n\t\t\t\t<\/div><\/div><\/div><\/div>\n\t\t\t<\/div>\n\t\t\t\t\n\t\t\t\t\n\t\t\t\t\n\t\t\t\t\n\t\t\t<\/div>\n\t\t\t\t\n\t\t\t\t\n\t\t\t<\/div><div class=\"et_d4_element et_pb_section et_pb_section_8 et_pb_with_background  et_pb_css_mix_blend_mode et_section_regular et_block_section\" >\n\t\t\t\t\n\t\t\t\t\n\t\t\t\t\n\t\t\t\t\n\t\t\t\t\n\t\t\t\t\n\t\t\t\t<div class=\"et_d4_element et_pb_row et_pb_row_7  et_pb_css_mix_blend_mode et_block_row\">\n\t\t\t\t<div class=\"et_d4_element et_pb_column_4_4 et_pb_column et_pb_column_12  et_pb_css_mix_blend_mode et-last-child et_block_column\">\n\t\t\t\t\n\t\t\t\t\n\t\t\t\t\n\t\t\t\t\n\t\t\t\t<div class=\"et_pb_module et_d4_element et_pb_text et_pb_text_9  et_pb_text_align_left et_pb_bg_layout_dark\">\n\t\t\t\t\n\t\t\t\t\n\t\t\t\t\n\t\t\t\t\n\t\t\t\t<div class=\"et_pb_text_inner\"><h2>Get in Touch with us<\/h2><\/div>\n\t\t\t<\/div>\n\t\t\t<\/div>\n\t\t\t\t\n\t\t\t\t\n\t\t\t\t\n\t\t\t\t\n\t\t\t<\/div><div class=\"et_d4_element et_pb_row et_pb_row_8  et_pb_css_mix_blend_mode et_block_row\">\n\t\t\t\t<div class=\"et_d4_element et_pb_column_1_2 et_pb_column et_pb_column_13  et_pb_css_mix_blend_mode et_block_column\">\n\t\t\t\t\n\t\t\t\t\n\t\t\t\t\n\t\t\t\t\n\t\t\t\t\n\t\t\t<div id=\"et_pb_contact_form_0\" class=\"et_pb_module et_d4_element et_pb_contact_form_0 et_pb_contact_form_container clearfix et_block_module\" data-form_unique_num=\"0\" data-form_unique_id=\"96fda66e-a95e-4d58-954d-7a7b53e67ec3\">\n\t\t\t\t\n\t\t\t\t\n\t\t\t\t\n\t\t\t\t\n\t\t\t\t\n\t\t\t\t<div class=\"et-pb-contact-message\"><\/div>\n\t\t\t\t\n\t\t\t\t<div class=\"et_pb_contact\">\n\t\t\t\t\t<form class=\"et_pb_contact_form clearfix\" method=\"post\" action=\"https:\/\/sanstaging.jfsx.net\/en\/wp-json\/wp\/v2\/pages\/28\">\n\t\t\t\t\t\t<p class=\"et_d4_element et_pb_contact_field et_pb_contact_field_0 et_pb_contact_field_half\" data-id=\"name\" data-type=\"input\">\n\t\t\t\t\n\t\t\t\t\n\t\t\t\t\n\t\t\t\t\n\t\t\t\t<label for=\"et_pb_contact_name_0\" class=\"et_pb_contact_form_label\">Name<\/label>\n\t\t\t\t<input type=\"text\" id=\"et_pb_contact_name_0\" class=\"input\" value=\"\" name=\"et_pb_contact_name_0\" data-required_mark=\"required\" data-field_type=\"input\" data-original_id=\"name\" placeholder=\"Name\">\n\t\t\t<\/p><p class=\"et_d4_element et_pb_contact_field et_pb_contact_field_1 et_pb_contact_field_half et_pb_contact_field_last\" data-id=\"email\" data-type=\"email\">\n\t\t\t\t\n\t\t\t\t\n\t\t\t\t\n\t\t\t\t\n\t\t\t\t<label for=\"et_pb_contact_email_0\" class=\"et_pb_contact_form_label\">E-Mail-Adresse<\/label>\n\t\t\t\t<input type=\"text\" id=\"et_pb_contact_email_0\" class=\"input\" value=\"\" name=\"et_pb_contact_email_0\" data-required_mark=\"required\" data-field_type=\"email\" data-original_id=\"email\" placeholder=\"E-Mail-Adresse\">\n\t\t\t<\/p><p class=\"et_d4_element et_pb_contact_field et_pb_contact_field_2 et_pb_contact_field_last\" data-id=\"message\" data-type=\"text\">\n\t\t\t\t\n\t\t\t\t\n\t\t\t\t\n\t\t\t\t\n\t\t\t\t<label for=\"et_pb_contact_message_0\" class=\"et_pb_contact_form_label\">Message<\/label>\n\t\t\t\t<textarea name=\"et_pb_contact_message_0\" id=\"et_pb_contact_message_0\" class=\"et_pb_contact_message input\" data-required_mark=\"required\" data-field_type=\"text\" data-original_id=\"message\" placeholder=\"Message\"><\/textarea>\n\t\t\t<\/p>\n\t\t\t\t\t\t<input type=\"hidden\" value=\"et_contact_proccess\" name=\"et_pb_contactform_submit_0\"\/>\n\t\t\t\t\t\t<div class=\"et_contact_bottom_container\">\n\t\t\t\t\t\t\t\n\t\t\t<div class=\"et_pb_contact_right et_pb_contact_field\">\n\t\t\t\t<p class=\"clearfix\">\n\t\t\t\t\t<span class=\"et_pb_contact_captcha_question\">14 + 11<\/span> = <input type=\"text\" size=\"2\" class=\"input et_pb_contact_captcha\" data-first_digit=\"14\" data-second_digit=\"11\" value=\"\" name=\"et_pb_contact_captcha_0\" data-required_mark=\"required\" autocomplete=\"off\">\n\t\t\t\t<\/p>\n\t\t\t<\/div>\n\t\t\t\t\t\t\t<button type=\"submit\" name=\"et_builder_submit_button\" class=\"et_pb_contact_submit et_pb_button\">Submit<\/button>\n\t\t\t\t\t\t<\/div>\n\t\t\t\t\t\t<input type=\"hidden\" id=\"_wpnonce-et-pb-contact-form-submitted-0\" name=\"_wpnonce-et-pb-contact-form-submitted-0\" value=\"055d1d62e2\" \/><input type=\"hidden\" name=\"_wp_http_referer\" value=\"\/en\/wp-json\/wp\/v2\/pages\/28\" \/>\n\t\t\t\t\t<\/form>\n\t\t\t\t<\/div>\n\t\t\t<\/div>\n\t\t\t\n\t\t\t<\/div><div class=\"et_d4_element et_pb_column_1_2 et_pb_column et_pb_column_14  et_pb_css_mix_blend_mode et-last-child et_block_column\">\n\t\t\t\t\n\t\t\t\t\n\t\t\t\t\n\t\t\t\t\n\t\t\t\t<div class=\"et_pb_module et_d4_element et_pb_image et_pb_image_1\">\n\t\t\t\t\n\t\t\t\t\n\t\t\t\t\n\t\t\t\t\n\t\t\t\t<span class=\"et_pb_image_wrap \"><img loading=\"lazy\" decoding=\"async\" width=\"921\" height=\"373\" src=\"https:\/\/sanstaging.jfsx.net\/wp-content\/uploads\/2024\/10\/813cc9_c0bf85ec50e9475d988f428ef7fc4aa4mv2.webp\" alt=\"\" title=\"813cc9_c0bf85ec50e9475d988f428ef7fc4aa4~mv2\" srcset=\"https:\/\/sanstaging.jfsx.net\/wp-content\/uploads\/2024\/10\/813cc9_c0bf85ec50e9475d988f428ef7fc4aa4mv2.webp 921w, https:\/\/sanstaging.jfsx.net\/wp-content\/uploads\/2024\/10\/813cc9_c0bf85ec50e9475d988f428ef7fc4aa4mv2-480x194.webp 480w\" sizes=\"(min-width: 0px) and (max-width: 480px) 480px, (min-width: 481px) 921px, 100vw\" class=\"wp-image-284\" \/><\/span>\n\t\t\t<\/div>\n\t\t\t<\/div>\n\t\t\t\t\n\t\t\t\t\n\t\t\t\t\n\t\t\t\t\n\t\t\t<\/div>\n\t\t\t\t\n\t\t\t\t\n\t\t\t<\/div><div class=\"et_d4_element et_pb_section et_pb_section_9  et_pb_css_mix_blend_mode et_pb_fullwidth_section et_section_regular et_block_section\" >\n\t\t\t\t\n\t\t\t\t\n\t\t\t\t\n\t\t\t\t\n\t\t\t\t\n\t\t\t\t\n\t\t\t\t<div class=\"et_pb_module et_d4_element et_pb_fullwidth_image et_pb_fullwidth_image_0\">\n\t\t\t\t\n\t\t\t\t\n\t\t\t\t\n\t\t\t\t\n\t\t\t\t<img loading=\"lazy\" decoding=\"async\" width=\"1920\" height=\"503\" src=\"https:\/\/sanstaging.jfsx.net\/wp-content\/uploads\/2024\/10\/backgr_plantage.webp\" alt=\"\" title=\"backgr_plantage\" srcset=\"https:\/\/sanstaging.jfsx.net\/wp-content\/uploads\/2024\/10\/backgr_plantage.webp 1920w, https:\/\/sanstaging.jfsx.net\/wp-content\/uploads\/2024\/10\/backgr_plantage-1280x335.webp 1280w, https:\/\/sanstaging.jfsx.net\/wp-content\/uploads\/2024\/10\/backgr_plantage-980x257.webp 980w, https:\/\/sanstaging.jfsx.net\/wp-content\/uploads\/2024\/10\/backgr_plantage-480x126.webp 480w\" sizes=\"(min-width: 0px) and (max-width: 480px) 480px, (min-width: 481px) and (max-width: 980px) 980px, (min-width: 981px) and (max-width: 1280px) 1280px, (min-width: 1281px) 1920px, 100vw\" class=\"wp-image-206\" \/>\n\t\t\t\n\t\t\t<\/div>\n\t\t\t\t\n\t\t\t\t\n\t\t\t<\/div><\/p>\n","protected":false},"excerpt":{"rendered":"<p>Willkommen bei Santana Fruits &#038; More &#8211; Ihr Zuhause f\u00fcr exquisiten Rohkakao, Kaffee und Avocados<\/p>","protected":false},"author":1,"featured_media":0,"parent":0,"menu_order":0,"comment_status":"closed","ping_status":"closed","template":"","meta":{"_et_pb_use_builder":"on","_et_pb_old_content":"","_et_gb_content_width":"","footnotes":""},"class_list":["post-28","page","type-page","status-publish","hentry"],"_links":{"self":[{"href":"https:\/\/sanstaging.jfsx.net\/en\/wp-json\/wp\/v2\/pages\/28","targetHints":{"allow":["GET"]}}],"collection":[{"href":"https:\/\/sanstaging.jfsx.net\/en\/wp-json\/wp\/v2\/pages"}],"about":[{"href":"https:\/\/sanstaging.jfsx.net\/en\/wp-json\/wp\/v2\/types\/page"}],"author":[{"embeddable":true,"href":"https:\/\/sanstaging.jfsx.net\/en\/wp-json\/wp\/v2\/users\/1"}],"replies":[{"embeddable":true,"href":"https:\/\/sanstaging.jfsx.net\/en\/wp-json\/wp\/v2\/comments?post=28"}],"version-history":[{"count":152,"href":"https:\/\/sanstaging.jfsx.net\/en\/wp-json\/wp\/v2\/pages\/28\/revisions"}],"predecessor-version":[{"id":373,"href":"https:\/\/sanstaging.jfsx.net\/en\/wp-json\/wp\/v2\/pages\/28\/revisions\/373"}],"wp:attachment":[{"href":"https:\/\/sanstaging.jfsx.net\/en\/wp-json\/wp\/v2\/media?parent=28"}],"curies":[{"name":"wp","href":"https:\/\/api.w.org\/{rel}","templated":true}]}}